{"id":210,"date":"2025-03-07T13:57:03","date_gmt":"2025-03-07T12:57:03","guid":{"rendered":"https:\/\/qvcti.fr\/?page_id=210"},"modified":"2025-10-16T11:23:25","modified_gmt":"2025-10-16T09:23:25","slug":"mentions-legales","status":"publish","type":"page","link":"https:\/\/qvcti.fr\/index.php\/mentions-legales\/","title":{"rendered":"Mentions l\u00e9gales"},"content":{"rendered":"<div class=\"et_pb_section_0 et_pb_section et_section_regular et_block_section\"><div class=\"et_pb_row_0 et_pb_row et_pb_gutters3 et_block_row\"><div class=\"et_pb_column_0 et_pb_column et_pb_column_4_4 et-last-child et_block_column et_pb_css_mix_blend_mode_passthrough\"><div class=\"et_pb_text_0 et_pb_text et_pb_bg_layout_light et_pb_module et_flex_module\"><div class=\"et_pb_text_inner\"><h2 style=\"text-align: center;\">Mentions l\u00e9gales<\/h2>\n<\/div><\/div><div class=\"et_pb_text_1 et_pb_text et_pb_bg_layout_light et_pb_module et_flex_module\"><div class=\"et_pb_text_inner\"><p style=\"text-align: center;\"><!-- wp:heading {\"level\":3} --><\/p>\n<h3 class=\"wp-block-heading\">\u00c9diteur du site<\/h3>\n<p style=\"text-align: center;\"><!-- \/wp:heading --> <!-- wp:paragraph --><\/p>\n<p>Le site <strong>QVCTI<\/strong> (<a href=\"https:\/\/qvcti.fr\/\">https:\/\/qvcti.fr<\/a>) est \u00e9dit\u00e9 par :<\/p>\n<ul>\n<li><strong>Raison sociale<\/strong> : AD CONSEIL<\/li>\n<li><strong>Si\u00e8ge social<\/strong> : 7 all\u00e9e Mirabeau, 92240 Malakoff<!-- \/wp:list-item --> <!-- wp:list-item --><\/li>\n<li><strong>SIRET<\/strong> : 50008918000045<!-- \/wp:list-item --> <!-- wp:list-item --><\/li>\n<li><strong>Directeur de publication<\/strong> : Fadi Joseph Lahiani<!-- \/wp:list-item --> <!-- wp:list-item --><\/li>\n<li><strong>Contact<\/strong> : contact@qvcti.fr<\/li>\n<\/ul>\n<p><!-- \/wp:list-item --><\/p>\n<p style=\"text-align: center;\"><!-- \/wp:list --> <!-- wp:heading {\"level\":3} --><\/p>\n<h3 class=\"wp-block-heading\">2. H\u00e9bergement<\/h3>\n<p style=\"text-align: center;\"><!-- \/wp:heading --> <!-- wp:paragraph --><\/p>\n<p>Le site est h\u00e9berg\u00e9 par :<\/p>\n<ul>\n<li><strong>H\u00e9bergeur<\/strong> : OVH<\/li>\n<li><strong>Adresse<\/strong> : 2 Rue Kellermann, 59100 Roubaix<\/li>\n<li><strong>Contact<\/strong> : 09 72 10 10 07<\/li>\n<\/ul>\n<p><!-- \/wp:list-item --><\/p>\n<p style=\"text-align: center;\"><!-- \/wp:list --> <!-- wp:heading {\"level\":3} --><\/p>\n<h3 class=\"wp-block-heading\">3. Propri\u00e9t\u00e9 intellectuelle<\/h3>\n<p style=\"text-align: center;\"><!-- \/wp:heading --> <!-- wp:paragraph --><\/p>\n<p>L\u2019ensemble du contenu pr\u00e9sent sur le site <strong>QVCTI<\/strong>, incluant, de fa\u00e7on non limitative, les graphismes, images, textes, vid\u00e9os, animations, sons, logos, gifs et ic\u00f4nes ainsi que leur mise en forme, est la propri\u00e9t\u00e9 exclusive d&#8217;AD CONSEIL, \u00e0 l\u2019exception des marques, logos ou contenus appartenant \u00e0 d\u2019autres soci\u00e9t\u00e9s partenaires ou auteurs.<\/p>\n<p style=\"text-align: center;\"><!-- \/wp:paragraph --> <!-- wp:paragraph --><\/p>\n<p>Toute reproduction, distribution, modification, adaptation, retransmission ou publication, m\u00eame partielle, de ces diff\u00e9rents \u00e9l\u00e9ments est strictement interdite sans l\u2019accord expr\u00e8s par \u00e9crit de <strong>[Nom de l\u2019entreprise ou organisation]<\/strong>. Toute exploitation non autoris\u00e9e du site ou de l\u2019un quelconque des \u00e9l\u00e9ments qu\u2019il contient sera consid\u00e9r\u00e9e comme constitutive d\u2019une contrefa\u00e7on et poursuivie conform\u00e9ment aux dispositions des articles L.335-2 et suivants du Code de la propri\u00e9t\u00e9 intellectuelle.<\/p>\n<p style=\"text-align: center;\"><!-- \/wp:paragraph --> <!-- wp:heading {\"level\":3} --><\/p>\n<h3 class=\"wp-block-heading\">4. Protection des donn\u00e9es personnelles<\/h3>\n<p style=\"text-align: center;\"><!-- \/wp:heading --> <!-- wp:paragraph --><\/p>\n<p>Conform\u00e9ment au <strong>R\u00e8glement G\u00e9n\u00e9ral sur la Protection des Donn\u00e9es (RGPD)<\/strong> et \u00e0 la <strong>loi Informatique et Libert\u00e9s<\/strong>, les utilisateurs disposent des droits suivants concernant leurs donn\u00e9es personnelles :<\/p>\n<ul>\n<li><strong>Droit d\u2019acc\u00e8s, de rectification et de suppression<\/strong> des donn\u00e9es personnelles les concernant,<\/li>\n<li><strong>Droit \u00e0 la limitation et \u00e0 l\u2019opposition du traitement<\/strong> de leurs donn\u00e9es,<\/li>\n<li><strong>Droit \u00e0 la portabilit\u00e9<\/strong> des donn\u00e9es.<\/li>\n<\/ul>\n<p>Pour exercer ces droits ou pour toute question relative au traitement des donn\u00e9es personnelles, vous pouvez contacter <strong>contact@qvcti.fr<\/strong>.<\/p>\n<p style=\"text-align: center;\"><!-- \/wp:paragraph --> <!-- wp:heading {\"level\":3} --><\/p>\n<h3 class=\"wp-block-heading\">5. Responsabilit\u00e9<\/h3>\n<p style=\"text-align: center;\"><!-- \/wp:heading --> <!-- wp:paragraph --><\/p>\n<p>Le site <strong>QVCTI<\/strong> s\u2019efforce de fournir des informations aussi pr\u00e9cises que possible. Toutefois, il ne pourra \u00eatre tenu responsable des omissions, inexactitudes et carences dans la mise \u00e0 jour des informations, qu\u2019elles soient de son fait ou du fait des tiers partenaires qui lui fournissent ces informations.<\/p>\n<p style=\"text-align: center;\"><!-- \/wp:paragraph --> <!-- wp:paragraph --><\/p>\n<p>Les informations fournies sur le site sont donn\u00e9es \u00e0 titre indicatif et sont susceptibles d\u2019\u00e9voluer. Par ailleurs, les renseignements figurant sur le site ne sont pas exhaustifs et sont donn\u00e9s sous r\u00e9serve de modifications ayant \u00e9t\u00e9 apport\u00e9es depuis leur mise en ligne.<\/p>\n<p style=\"text-align: center;\"><!-- \/wp:paragraph --> <!-- wp:heading {\"level\":3} --><\/p>\n<h3 class=\"wp-block-heading\">6. Cookies<\/h3>\n<p style=\"text-align: center;\"><!-- \/wp:heading --> <!-- wp:paragraph --><\/p>\n<p>Le site <strong>QVCTI<\/strong> utilise des cookies afin d\u2019am\u00e9liorer l\u2019exp\u00e9rience utilisateur et de collecter des statistiques anonymes sur la fr\u00e9quentation du site.<\/p>\n<p style=\"text-align: center;\"><!-- \/wp:paragraph --> <!-- wp:paragraph --><\/p>\n<p>Les utilisateurs peuvent \u00e0 tout moment param\u00e9trer leur navigateur pour accepter, refuser ou supprimer les cookies via les param\u00e8tres de leur navigateur.<\/p>\n<p style=\"text-align: center;\"><!-- \/wp:paragraph --> <!-- wp:heading {\"level\":3} --><\/p>\n<h3 class=\"wp-block-heading\">7. Liens hypertextes<\/h3>\n<p style=\"text-align: center;\"><!-- \/wp:heading --> <!-- wp:paragraph --><\/p>\n<p>Le site peut contenir des liens vers d\u2019autres sites web ou ressources disponibles sur Internet. <strong>QVCTi<\/strong>\u00a0ne dispose d\u2019aucun moyen pour contr\u00f4ler les sites en connexion avec son site web et ne r\u00e9pond pas de la disponibilit\u00e9 de tels sites et sources externes, ni ne la garantit.<\/p>\n<p style=\"text-align: center;\"><!-- \/wp:paragraph --> <!-- wp:heading {\"level\":3} --><\/p>\n<h3 class=\"wp-block-heading\">8. Droit applicable et juridiction comp\u00e9tente<\/h3>\n<p style=\"text-align: center;\"><!-- \/wp:heading --> <!-- wp:paragraph --><\/p>\n<p>Tout litige en relation avec l\u2019utilisation du site <strong>QVCTI<\/strong> est soumis au droit fran\u00e7ais. En cas de litige, les tribunaux comp\u00e9tents seront ceux de <b>Nanterre.<\/b><\/p>\n<p style=\"text-align: center;\"><!-- \/wp:paragraph --> <!-- wp:heading {\"level\":3} --><\/p>\n<h3 class=\"wp-block-heading\">9. Contact<\/h3>\n<p style=\"text-align: center;\"><!-- \/wp:heading --> <!-- wp:paragraph --><\/p>\n<p>Pour toute question ou demande d\u2019information concernant le site, vous pouvez contacter <strong>contact@qvcti.fr<\/strong>.<\/p>\n<p style=\"text-align: center;\"><!-- \/wp:paragraph --><\/p>\n<\/div><\/div><\/div><\/div><\/div>","protected":false},"excerpt":{"rendered":"","protected":false},"author":2,"featured_media":0,"parent":0,"menu_order":0,"comment_status":"closed","ping_status":"closed","template":"","meta":{"footnotes":""},"dipi_cpt_category":[],"class_list":["post-210","page","type-page","status-publish","hentry"],"_links":{"self":[{"href":"https:\/\/qvcti.fr\/index.php\/wp-json\/wp\/v2\/pages\/210","targetHints":{"allow":["GET"]}}],"collection":[{"href":"https:\/\/qvcti.fr\/index.php\/wp-json\/wp\/v2\/pages"}],"about":[{"href":"https:\/\/qvcti.fr\/index.php\/wp-json\/wp\/v2\/types\/page"}],"author":[{"embeddable":true,"href":"https:\/\/qvcti.fr\/index.php\/wp-json\/wp\/v2\/users\/2"}],"replies":[{"embeddable":true,"href":"https:\/\/qvcti.fr\/index.php\/wp-json\/wp\/v2\/comments?post=210"}],"version-history":[{"count":10,"href":"https:\/\/qvcti.fr\/index.php\/wp-json\/wp\/v2\/pages\/210\/revisions"}],"predecessor-version":[{"id":450,"href":"https:\/\/qvcti.fr\/index.php\/wp-json\/wp\/v2\/pages\/210\/revisions\/450"}],"wp:attachment":[{"href":"https:\/\/qvcti.fr\/index.php\/wp-json\/wp\/v2\/media?parent=210"}],"wp:term":[{"taxonomy":"dipi_cpt_category","embeddable":true,"href":"https:\/\/qvcti.fr\/index.php\/wp-json\/wp\/v2\/dipi_cpt_category?post=210"}],"curies":[{"name":"wp","href":"https:\/\/api.w.org\/{rel}","templated":true}]}}